{"id":12,"date":"2026-03-27T16:11:37","date_gmt":"2026-03-27T16:11:37","guid":{"rendered":"https:\/\/psychicdiana.magick.host\/?page_id=12"},"modified":"2026-04-11T00:11:24","modified_gmt":"2026-04-11T07:11:24","slug":"homepage","status":"publish","type":"page","link":"https:\/\/psychicdiana.com\/es\/","title":{"rendered":"Homepage"},"content":{"rendered":"<div class=\"wp-block-columns alignwide is-layout-flex wp-container-core-columns-is-layout-28f84493 wp-block-columns-is-layout-flex\">\n<div class=\"wp-block-column is-layout-flow wp-block-column-is-layout-flow\">\n<div style=\"height:200px\" aria-hidden=\"true\" class=\"wp-block-spacer hide-mobile\"><\/div>\n\n\n\n<h1 class=\"wp-block-heading is-style-default\">Te tiran, pero te levantas.<br><br>Imagina dirigir ese poder hacia adentro con tanta fidelidad que surgieron nuevos poderes.<br><br>Este es un recurso para los inadaptados, los que piensan demasiado, los ansiosos con profundas reservas de cuidado, empat\u00eda, libertad y espiritualidad.<br><br>Es hora de perfeccionar tus dones y comandar la realidad.<br><\/h1>\n<\/div>\n\n\n\n<div class=\"wp-block-column is-layout-flow wp-block-column-is-layout-flow\">\n<figure class=\"wp-block-image size-large\"><img decoding=\"async\" src=\"https:\/\/psychicdiana.com\/wp-content\/uploads\/2026\/03\/phoenix1-1019x1024.png\" alt=\"\" class=\"wp-image-147\"\/><\/figure>\n<\/div>\n<\/div>\n\n\n\n<div class=\"wp-block-group alignwide is-layout-flow wp-block-group-is-layout-flow\" style=\"margin-top:0;margin-bottom:0;padding-top:var(--wp--preset--spacing--80);padding-bottom:var(--wp--preset--spacing--80)\">\n<div class=\"wp-block-columns is-layout-flex wp-container-core-columns-is-layout-28f84493 wp-block-columns-is-layout-flex\">\n<div class=\"wp-block-column is-layout-flow wp-block-column-is-layout-flow\" style=\"flex-basis:33.33%\">\n<figure class=\"wp-block-image size-large\"><img loading=\"lazy\" decoding=\"async\" width=\"833\" height=\"1024\" src=\"https:\/\/psychicdiana.com\/wp-content\/uploads\/2026\/04\/IMG_03051-833x1024.jpeg\" alt=\"\" class=\"wp-image-2474\" srcset=\"https:\/\/psychicdiana.com\/wp-content\/uploads\/2026\/04\/IMG_03051-833x1024.jpeg 833w, https:\/\/psychicdiana.com\/wp-content\/uploads\/2026\/04\/IMG_03051-244x300.jpeg 244w, https:\/\/psychicdiana.com\/wp-content\/uploads\/2026\/04\/IMG_03051-768x945.jpeg 768w, https:\/\/psychicdiana.com\/wp-content\/uploads\/2026\/04\/IMG_03051.jpeg 1179w\" sizes=\"auto, (max-width: 833px) 100vw, 833px\" \/><\/figure>\n<\/div>\n\n\n\n<div class=\"wp-block-column is-layout-flow wp-block-column-is-layout-flow\" style=\"flex-basis:66.66%\">\n<div class=\"wp-block-group has-global-padding is-content-justification-left is-layout-constrained wp-container-core-group-is-layout-12dd3699 wp-block-group-is-layout-constrained\">\n<h2 class=\"wp-block-heading has-xx-large-font-size\">Soy Diana.<\/h2>\n\n\n\n<h2 class=\"wp-block-heading alignwide is-style-default has-ysabeau-office-font-family\" style=\"font-size:clamp(1.146rem, 1.146rem + ((1vw - 0.2rem) * 1.026), 1.8rem);\">Estoy anotando todo lo que he aprendido en mi pr\u00e1ctica intuitiva ps\u00edquica y de brujer\u00eda de toda la vida \u2014 la magia que me ha ayudado a transmutar el abuso y la confusi\u00f3n en amor.<\/h2>\n\n\n\n<div class=\"wp-block-buttons is-layout-flex wp-block-buttons-is-layout-flex\">\n<div class=\"wp-block-button\"><a class=\"wp-block-button__link wp-element-button\" href=\"\/es\/about\/\">Mi Historia<\/a><\/div>\n<\/div>\n<\/div>\n<\/div>\n<\/div>\n<\/div>\n\n\n\n<div class=\"wp-block-group alignfull has-global-padding is-layout-constrained wp-container-core-group-is-layout-18f60b00 wp-block-group-is-layout-constrained\" style=\"margin-top:0;margin-bottom:0;padding-top:0;padding-bottom:var(--wp--preset--spacing--80)\">\n<div class=\"wp-block-group alignwide is-layout-flow wp-block-group-is-layout-flow\">\n<h2 data-wp-context---core-fit-text=\"core\/fit-text::{&quot;fontSize&quot;:&quot;&quot;}\" data-wp-init---core-fit-text=\"core\/fit-text::callbacks.init\" data-wp-interactive data-wp-style--font-size=\"core\/fit-text::context.fontSize\" class=\"wp-block-heading has-fit-text\" style=\"font-size:9.6rem;letter-spacing:-0.02em\">\u00daltimo del blog.<\/h2>\n\n\n\n<div class=\"wp-block-query is-layout-flow wp-block-query-is-layout-flow\"><ul class=\"wp-block-post-template is-layout-grid wp-container-core-post-template-is-layout-1224e06b wp-block-post-template-is-layout-grid\"><li class=\"wp-block-post post-2536 post type-post status-publish format-standard has-post-thumbnail hentry category-general\">\n<figure style=\"aspect-ratio:1;\" class=\"wp-block-post-featured-image\"><a href=\"https:\/\/psychicdiana.com\/es\/why-an-eye-for-an-eye-is-always-the-wrong-game\/\" target=\"_self\"  ><img loading=\"lazy\" decoding=\"async\" width=\"963\" height=\"642\" src=\"https:\/\/psychicdiana.com\/wp-content\/uploads\/2026\/04\/Mask-group11.jpg\" class=\"attachment-post-thumbnail size-post-thumbnail wp-post-image\" alt=\"Why an eye for an eye is always the wrong game\" style=\"width:100%;height:100%;object-fit:cover;\" srcset=\"https:\/\/psychicdiana.com\/wp-content\/uploads\/2026\/04\/Mask-group11.jpg 963w, https:\/\/psychicdiana.com\/wp-content\/uploads\/2026\/04\/Mask-group11-300x200.jpg 300w, https:\/\/psychicdiana.com\/wp-content\/uploads\/2026\/04\/Mask-group11-768x512.jpg 768w\" sizes=\"auto, (max-width: 963px) 100vw, 963px\" \/><\/a><\/figure>\n\n<h2 class=\"wp-block-post-title\"><a href=\"https:\/\/psychicdiana.com\/es\/why-an-eye-for-an-eye-is-always-the-wrong-game\/\" target=\"_self\" >Por qu\u00e9 ojo por ojo siempre es el juego equivocado<\/a><\/h2>\n\n<div class=\"has-link-color wp-elements-29f84b38f14f63ad3bc1980fdf7441c4 wp-block-post-date has-text-color has-contrast-color\"><time datetime=\"2026-04-12T10:41:37-07:00\"><a href=\"https:\/\/psychicdiana.com\/es\/why-an-eye-for-an-eye-is-always-the-wrong-game\/\">12 de abril de 2026<\/a><\/time><\/div>\n<\/li><li class=\"wp-block-post post-1983 post type-post status-publish format-standard has-post-thumbnail hentry category-numerology\">\n<figure style=\"aspect-ratio:1;\" class=\"wp-block-post-featured-image\"><a href=\"https:\/\/psychicdiana.com\/es\/your-2026-numerology-personal-year-numbers\/\" target=\"_self\"  ><img loading=\"lazy\" decoding=\"async\" width=\"1002\" height=\"1012\" src=\"https:\/\/psychicdiana.com\/wp-content\/uploads\/2026\/03\/2026-personal-numerology1.png\" class=\"attachment-post-thumbnail size-post-thumbnail wp-post-image\" alt=\"Your 2026 numerology: Personal year numbers\" style=\"width:100%;height:100%;object-fit:cover;\" \/><\/a><\/figure>\n\n<h2 class=\"wp-block-post-title\"><a href=\"https:\/\/psychicdiana.com\/es\/your-2026-numerology-personal-year-numbers\/\" target=\"_self\" >Tu numerolog\u00eda 2026: N\u00fameros de a\u00f1o personal<\/a><\/h2>\n\n<div class=\"has-link-color wp-elements-29f84b38f14f63ad3bc1980fdf7441c4 wp-block-post-date has-text-color has-contrast-color\"><time datetime=\"2026-04-01T18:07:04-07:00\"><a href=\"https:\/\/psychicdiana.com\/es\/your-2026-numerology-personal-year-numbers\/\">1 de abril de 2026<\/a><\/time><\/div>\n<\/li><li class=\"wp-block-post post-2061 post type-post status-publish format-standard has-post-thumbnail hentry category-witchcraft\">\n<figure style=\"aspect-ratio:1;\" class=\"wp-block-post-featured-image\"><a href=\"https:\/\/psychicdiana.com\/es\/what-does-it-mean-if-you-lose-a-crystal\/\" target=\"_self\"  ><img loading=\"lazy\" decoding=\"async\" width=\"1200\" height=\"1200\" src=\"https:\/\/psychicdiana.com\/wp-content\/uploads\/2026\/03\/crystals-1-1.jpg\" class=\"attachment-post-thumbnail size-post-thumbnail wp-post-image\" alt=\"What does it mean if you lose a crystal?\" style=\"width:100%;height:100%;object-fit:cover;\" \/><\/a><\/figure>\n\n<h2 class=\"wp-block-post-title\"><a href=\"https:\/\/psychicdiana.com\/es\/what-does-it-mean-if-you-lose-a-crystal\/\" target=\"_self\" >\u00bfQu\u00e9 significa si pierdes un cristal?<\/a><\/h2>\n\n<div class=\"has-link-color wp-elements-29f84b38f14f63ad3bc1980fdf7441c4 wp-block-post-date has-text-color has-contrast-color\"><time datetime=\"2026-03-27T18:40:12-07:00\"><a href=\"https:\/\/psychicdiana.com\/es\/what-does-it-mean-if-you-lose-a-crystal\/\">27 de marzo de 2026<\/a><\/time><\/div>\n<\/li><li class=\"wp-block-post post-2058 post type-post status-publish format-standard has-post-thumbnail hentry category-general category-tarot\">\n<figure style=\"aspect-ratio:1;\" class=\"wp-block-post-featured-image\"><a href=\"https:\/\/psychicdiana.com\/es\/how-tarot-helped-me-heal-anxiety\/\" target=\"_self\"  ><img loading=\"lazy\" decoding=\"async\" width=\"1191\" height=\"792\" src=\"https:\/\/psychicdiana.com\/wp-content\/uploads\/2026\/03\/Screenshot-from-2026-03-27-18-37-331.png\" class=\"attachment-post-thumbnail size-post-thumbnail wp-post-image\" alt=\"How tarot helped me heal anxiety\" style=\"width:100%;height:100%;object-fit:cover;\" \/><\/a><\/figure>\n\n<h2 class=\"wp-block-post-title\"><a href=\"https:\/\/psychicdiana.com\/es\/how-tarot-helped-me-heal-anxiety\/\" target=\"_self\" >C\u00f3mo el tarot me ayud\u00f3 a sanar la ansiedad<\/a><\/h2>\n\n<div class=\"has-link-color wp-elements-29f84b38f14f63ad3bc1980fdf7441c4 wp-block-post-date has-text-color has-contrast-color\"><time datetime=\"2026-03-27T18:37:55-07:00\"><a href=\"https:\/\/psychicdiana.com\/es\/how-tarot-helped-me-heal-anxiety\/\">27 de marzo de 2026<\/a><\/time><\/div>\n<\/li><li class=\"wp-block-post post-2052 post type-post status-publish format-standard has-post-thumbnail hentry category-tarot\">\n<figure style=\"aspect-ratio:1;\" class=\"wp-block-post-featured-image\"><a href=\"https:\/\/psychicdiana.com\/es\/what-if-my-tarot-reading-is-wrong\/\" target=\"_self\"  ><img loading=\"lazy\" decoding=\"async\" width=\"1000\" height=\"665\" src=\"https:\/\/psychicdiana.com\/wp-content\/uploads\/2026\/03\/tarot-reading-wrong.jpg\" class=\"attachment-post-thumbnail size-post-thumbnail wp-post-image\" alt=\"What if my tarot reading is wrong?\" style=\"width:100%;height:100%;object-fit:cover;\" \/><\/a><\/figure>\n\n<h2 class=\"wp-block-post-title\"><a href=\"https:\/\/psychicdiana.com\/es\/what-if-my-tarot-reading-is-wrong\/\" target=\"_self\" >\u00bfY si mi lectura de tarot est\u00e1 mal?<\/a><\/h2>\n\n<div class=\"has-link-color wp-elements-29f84b38f14f63ad3bc1980fdf7441c4 wp-block-post-date has-text-color has-contrast-color\"><time datetime=\"2026-03-27T18:31:36-07:00\"><a href=\"https:\/\/psychicdiana.com\/es\/what-if-my-tarot-reading-is-wrong\/\">27 de marzo de 2026<\/a><\/time><\/div>\n<\/li><li class=\"wp-block-post post-2046 post type-post status-publish format-standard has-post-thumbnail hentry category-astrology category-tarot\">\n<figure style=\"aspect-ratio:1;\" class=\"wp-block-post-featured-image\"><a href=\"https:\/\/psychicdiana.com\/es\/the-astrology-in-tarot-for-the-minor-arcana\/\" target=\"_self\"  ><img loading=\"lazy\" decoding=\"async\" width=\"1125\" height=\"750\" src=\"https:\/\/psychicdiana.com\/wp-content\/uploads\/2026\/03\/free-photo-of-tarot-card-and-runes-on-vibrant-fabric-background1.jpeg\" class=\"attachment-post-thumbnail size-post-thumbnail wp-post-image\" alt=\"The astrology in tarot and the minor arcana\" style=\"width:100%;height:100%;object-fit:cover;\" \/><\/a><\/figure>\n\n<h2 class=\"wp-block-post-title\"><a href=\"https:\/\/psychicdiana.com\/es\/the-astrology-in-tarot-for-the-minor-arcana\/\" target=\"_self\" >La astrolog\u00eda en el tarot y los arcanos menores<\/a><\/h2>\n\n<div class=\"has-link-color wp-elements-29f84b38f14f63ad3bc1980fdf7441c4 wp-block-post-date has-text-color has-contrast-color\"><time datetime=\"2026-03-27T18:20:44-07:00\"><a href=\"https:\/\/psychicdiana.com\/es\/the-astrology-in-tarot-for-the-minor-arcana\/\">27 de marzo de 2026<\/a><\/time><\/div>\n<\/li><\/ul><\/div>\n\n\n\n<div style=\"height:8px\" aria-hidden=\"true\" class=\"wp-block-spacer\"><\/div>\n\n\n\n<div class=\"wp-block-buttons is-layout-flex wp-block-buttons-is-layout-flex\">\n<div class=\"wp-block-button has-custom-width wp-block-button__width-100\"><a class=\"wp-block-button__link has-accent-3-background-color has-background wp-element-button\" href=\"\/es\/blog\/\">Leer blog<\/a><\/div>\n<\/div>\n<\/div>\n<\/div>\n\n\n\n<h2 data-wp-context---core-fit-text=\"core\/fit-text::{&quot;fontSize&quot;:&quot;&quot;}\" data-wp-init---core-fit-text=\"core\/fit-text::callbacks.init\" data-wp-interactive data-wp-style--font-size=\"core\/fit-text::context.fontSize\" class=\"wp-block-heading alignwide has-fit-text\">Servicios ps\u00edquicos.<\/h2>\n\n\n\n<div class=\"wp-block-group alignfull has-global-padding is-layout-constrained wp-block-group-is-layout-constrained\" style=\"margin-top:0;margin-bottom:0\">\n<div class=\"wp-block-group alignwide is-layout-grid wp-container-core-group-is-layout-5fdb10e5 wp-block-group-is-layout-grid\" style=\"padding-top:var(--wp--preset--spacing--50);padding-bottom:var(--wp--preset--spacing--50)\">\n<div class=\"wp-block-group is-vertical is-content-justification-stretch is-nowrap is-layout-flex wp-container-core-group-is-layout-627337ab wp-block-group-is-layout-flex\">\n<div class=\"wp-block-group is-vertical is-content-justification-left is-layout-flex wp-container-core-group-is-layout-231d3342 wp-block-group-is-layout-flex\">\n<p class=\"is-style-text-subtitle is-style-text-subtitle--1\">Ofrezco servicios ps\u00edquicos y de brujer\u00eda profesionales con la m\u00e1s profunda intenci\u00f3n de ayudarte a conectar con tu poder, a tu propio ritmo.<\/p>\n\n\n\n<div class=\"wp-block-buttons is-layout-flex wp-block-buttons-is-layout-flex\">\n<div class=\"wp-block-button\"><a class=\"wp-block-button__link has-accent-3-background-color has-background wp-element-button\" href=\"\/es\/services\/\">Servicios de la tienda<\/a><\/div>\n<\/div>\n\n\n\n<div style=\"height:0px\" aria-hidden=\"true\" class=\"wp-block-spacer wp-container-content-ca60deed\"><\/div>\n\n\n\n<figure class=\"wp-block-image size-full\"><img loading=\"lazy\" decoding=\"async\" width=\"850\" height=\"845\" src=\"https:\/\/psychicdiana.com\/wp-content\/uploads\/2026\/03\/Screenshot-from-2026-03-27-15-36-33.png\" alt=\"\" class=\"wp-image-239\" style=\"aspect-ratio:1;object-fit:cover\"\/><\/figure>\n\n\n\n<div class=\"wp-block-group has-global-padding is-layout-constrained wp-block-group-is-layout-constrained\">\n<h2 class=\"wp-block-heading\">Interpretaci\u00f3n de carta astral<\/h2>\n\n\n\n<p>Echemos un vistazo a tu carta natal y averig\u00fcemos c\u00f3mo esa historia se expresa en tu vida, entregada en texto o video.<\/p>\n\n\n\n<div class=\"wp-block-buttons is-layout-flex wp-block-buttons-is-layout-flex\">\n<div class=\"wp-block-button\"><a class=\"wp-block-button__link wp-element-button\" href=\"\/es\/modality\/astrology\/\">Tienda<\/a><\/div>\n<\/div>\n<\/div>\n<\/div>\n<\/div>\n\n\n\n<div class=\"wp-block-group is-vertical is-content-justification-stretch is-layout-flex wp-container-core-group-is-layout-353c4f5a wp-block-group-is-layout-flex\">\n<figure class=\"wp-block-image size-full\"><img loading=\"lazy\" decoding=\"async\" width=\"1024\" height=\"1515\" src=\"https:\/\/psychicdiana.com\/wp-content\/uploads\/2026\/03\/tarot91.png\" alt=\"\" class=\"wp-image-1920\" style=\"object-fit:cover\"\/><\/figure>\n\n\n\n<div class=\"wp-block-group is-style-default is-layout-flow wp-block-group-is-layout-flow\">\n<div style=\"height:1px\" aria-hidden=\"true\" class=\"wp-block-spacer\"><\/div>\n\n\n\n<h2 class=\"wp-block-heading\">Lecturas de tarot<\/h2>\n\n\n\n<p>Pregunta sobre el amor, el dinero, la carrera o consejos generales. Lectura de tarot virtual precisa, entregada como texto o video.<\/p>\n\n\n\n<div class=\"wp-block-buttons is-layout-flex wp-block-buttons-is-layout-flex\">\n<div class=\"wp-block-button\"><a class=\"wp-block-button__link wp-element-button\" href=\"\/es\/modality\/tarot\/\">comprar<\/a><\/div>\n<\/div>\n<\/div>\n<\/div>\n<\/div>\n<\/div>\n\n\n\n<p><\/p>","protected":false},"excerpt":{"rendered":"<p>They knock you down, but you get back up. Imagine directing that power inwards so faithfully new powers erupted. This is a resource for the misfits, the overthinkers, the anxious with deep reserves for care, empathy, freedom &amp; spirituality. It&#8217;s time to hone your gifts and command reality. I&#8217;m Diana. I&#8217;m writing down everything I&#8217;ve [&hellip;]<\/p>\n","protected":false},"author":1,"featured_media":0,"parent":0,"menu_order":0,"comment_status":"closed","ping_status":"closed","template":"page-no-title","meta":{"_acf_changed":false,"footnotes":""},"class_list":["post-12","page","type-page","status-publish","hentry"],"acf":[],"_links":{"self":[{"href":"https:\/\/psychicdiana.com\/es\/wp-json\/wp\/v2\/pages\/12","targetHints":{"allow":["GET"]}}],"collection":[{"href":"https:\/\/psychicdiana.com\/es\/wp-json\/wp\/v2\/pages"}],"about":[{"href":"https:\/\/psychicdiana.com\/es\/wp-json\/wp\/v2\/types\/page"}],"author":[{"embeddable":true,"href":"https:\/\/psychicdiana.com\/es\/wp-json\/wp\/v2\/users\/1"}],"replies":[{"embeddable":true,"href":"https:\/\/psychicdiana.com\/es\/wp-json\/wp\/v2\/comments?post=12"}],"version-history":[{"count":276,"href":"https:\/\/psychicdiana.com\/es\/wp-json\/wp\/v2\/pages\/12\/revisions"}],"predecessor-version":[{"id":2475,"href":"https:\/\/psychicdiana.com\/es\/wp-json\/wp\/v2\/pages\/12\/revisions\/2475"}],"wp:attachment":[{"href":"https:\/\/psychicdiana.com\/es\/wp-json\/wp\/v2\/media?parent=12"}],"curies":[{"name":"wp","href":"https:\/\/api.w.org\/{rel}","templated":true}]}}